{"id":6495,"date":"2019-07-25T16:57:34","date_gmt":"2019-07-25T14:57:34","guid":{"rendered":"https:\/\/www.olfasense.com\/noseletter-subscription\/"},"modified":"2019-07-26T10:24:54","modified_gmt":"2019-07-26T08:24:54","slug":"noseletter-anmeldung","status":"publish","type":"page","link":"https:\/\/www.olfasense.com\/de\/noseletter-anmeldung\/","title":{"rendered":"Noseletter \u2013 Anmeldung"},"content":{"rendered":"<p>Vielen Dank f\u00fcr Ihr Interesse am Olfasense Noseletter, der Sie \u00fcber aktuelle Ereignisse und Termine in der Geruchswelt und in unserem Unternehmen informiert. Mit der Bet\u00e4tigung des \u201eAnmelden\u201c-Buttons erkl\u00e4ren Sie Ihre Einwilligung f\u00fcr den Newsletterversand, wie in den <a href=\"https:\/\/www.olfasense.com\/de\/noseletter-subscription\/noseletter-nutzungsbedingen\/\">Nutzungsbedingungen<\/a> und der <a href=\"https:\/\/www.olfasense.com\/de\/datenschutz\/\">Datenschutzerkl\u00e4rung<\/a> beschrieben.<\/p>\n<p><span mce_style=\"font-size: x-small;\"><span mce_style=\"font-size: medium;\"><b><span mce_style=\"color: #ffffff;\"><span mce_style=\"font-size: small;\">Um Ihre Anmeldung abzuschlie\u00dfen, klicken Sie bitte auf den Best\u00e4tigungslink, den wir an die angegebene Emailadresse versandt haben.<\/span><\/span><\/b><\/span><\/span><\/p>\n<p><span mce_style=\"font-size: x-small;\"><span mce_style=\"font-size: medium;\"><b><span mce_style=\"color: #ffffff;\"><span mce_style=\"font-size: small;\"><\/span><\/span><\/b><\/span><\/span><span mce_style=\"font-size: x-small;\"><span mce_style=\"font-size: medium;\"><span mce_style=\"color: #ffffff;\"><span mce_style=\"font-size: small;\">\u00dcbrigens, ist eine Abmeldung vom Newsletter jederzeit durch einen Link am Ende jeder Newsletter-E-Mail m\u00f6glich.<\/span><\/span><\/span><\/span><\/p>\n","protected":false},"excerpt":{"rendered":"Vielen Dank f\u00fcr Ihr Interesse am Olfasense Noseletter, der Sie \u00fcber aktuelle Ereignisse und Termine in der Geruchswelt und in unserem Unternehmen informiert. Mit der Bet\u00e4tigung des \u201eAnmelden\u201c-Buttons erkl\u00e4ren Sie Ihre Einwilligung f\u00fcr den Newsletterversand, wie in den Nutzungsbedingungen und der Datenschutzerkl\u00e4rung beschrieben. Um Ihre Anmeldung abzuschlie\u00dfen, klicken Sie bitte auf den Best\u00e4tigungslink, den wir","protected":false},"author":1,"featured_media":0,"parent":0,"menu_order":0,"comment_status":"closed","ping_status":"closed","template":"page-templates\/page-layout.php","meta":{"_acf_changed":false,"footnotes":""},"class_list":["post post-type-page post-view- post-scope-","status-publish","clear"],"acf":[],"_links":{"self":[{"href":"https:\/\/www.olfasense.com\/de\/wp-json\/wp\/v2\/pages\/6495","targetHints":{"allow":["GET"]}}],"collection":[{"href":"https:\/\/www.olfasense.com\/de\/wp-json\/wp\/v2\/pages"}],"about":[{"href":"https:\/\/www.olfasense.com\/de\/wp-json\/wp\/v2\/types\/page"}],"author":[{"embeddable":true,"href":"https:\/\/www.olfasense.com\/de\/wp-json\/wp\/v2\/users\/1"}],"replies":[{"embeddable":true,"href":"https:\/\/www.olfasense.com\/de\/wp-json\/wp\/v2\/comments?post=6495"}],"version-history":[{"count":3,"href":"https:\/\/www.olfasense.com\/de\/wp-json\/wp\/v2\/pages\/6495\/revisions"}],"predecessor-version":[{"id":6501,"href":"https:\/\/www.olfasense.com\/de\/wp-json\/wp\/v2\/pages\/6495\/revisions\/6501"}],"wp:attachment":[{"href":"https:\/\/www.olfasense.com\/de\/wp-json\/wp\/v2\/media?parent=6495"}],"curies":[{"name":"wp","href":"https:\/\/api.w.org\/{rel}","templated":true}]}}