{"id":4276,"date":"2019-07-02T11:33:06","date_gmt":"2019-07-02T09:33:06","guid":{"rendered":"https:\/\/www.olfasense.com\/company\/accreditations\/"},"modified":"2025-11-14T15:59:44","modified_gmt":"2025-11-14T14:59:44","slug":"akkreditierung","status":"publish","type":"page","link":"https:\/\/www.olfasense.com\/de\/unternehmen\/akkreditierung\/","title":{"rendered":"Akkreditierungen"},"content":{"rendered":"<p class=\"first-paragraph\">Akkreditierte Dienstleistungen auf h\u00f6chsten Qualit\u00e4tsstandard<\/p>\n<p>Olfasense ist bekannt als innovatives Unternehmen. Dazu passt, dass wir Vorreiter bei der Akkreditierung von Geruchslaboren sind. Unsere erste ISO 17025 Akkreditierung \u2013 entsprechend des weltweiten Qualit\u00e4tsstandard f\u00fcr Pr\u00fcf- und Kalibrierlaboratorien &#8211; erhielten wir am 28.09.1993 f\u00fcr das Amsterdamer Labor.<\/p>\n<p>Derzeit betreiben wir 4 Pr\u00fcflabore f\u00fcr Geruch gem\u00e4\u00df des europ\u00e4ischen Standards EN 13725. Unsere Unternehmen bieten unter dem Scope der Akkreditierung sowohl Dienstleistungen zur Geruchsprobenahme als auch zur Geruchsanalyse an. Weitere Informationen zu den angebotenen, akkreditierten Dienstleistungen finden Sie in unseren Scopes:<\/p>\n<p>&nbsp;<\/p>\n<ul>\n<li><strong>Unser deutsches Labor mit DAkkS-Registriernummer <a href=\"https:\/\/www.dakks.de\/files\/data\/as\/pdf\/D-PL-17433-01-00.pdf\">D-PL-17433-01-00<\/a><\/strong><img decoding=\"async\" src=\"https:\/\/www.olfasense.com\/wp-content\/uploads\/2021\/02\/Olfasense-DAkkS-Accrediation-300x117.png\" alt=\"Olfasense DAkkS Accrediation\" class=\"alignright wp-image-15282 size-medium\" width=\"300\" height=\"117\" srcset=\"https:\/\/www.olfasense.com\/wp-content\/uploads\/2021\/02\/Olfasense-DAkkS-Accrediation-300x117.png 300w, https:\/\/www.olfasense.com\/wp-content\/uploads\/2021\/02\/Olfasense-DAkkS-Accrediation-1024x401.png 1024w, https:\/\/www.olfasense.com\/wp-content\/uploads\/2021\/02\/Olfasense-DAkkS-Accrediation-768x301.png 768w, https:\/\/www.olfasense.com\/wp-content\/uploads\/2021\/02\/Olfasense-DAkkS-Accrediation-1536x601.png 1536w, https:\/\/www.olfasense.com\/wp-content\/uploads\/2021\/02\/Olfasense-DAkkS-Accrediation-2048x802.png 2048w\" sizes=\"(max-width: 300px) 100vw, 300px\" \/><\/li>\n<\/ul>\n<p style=\"padding-left: 40px;\">Neben dem <a href=\"https:\/\/www.olfasense.com\/wp-content\/uploads\/2023\/04\/A-LS06-02-Ubersicht-der-Verfahren-Flexibilisierung-Kat.-III_n.pdf\">akkreditierten Dienstleistungsspektrum<\/a> f\u00fcr Probenahme und Olfaktometrie ist das deutsche Labor f\u00fcr die Erstellung von Immissionsprognosen auf der Grundlage der technischen Anleitung zur Reinhaltung der Luft (TA Luft) und der VDI 3783 Blatt 13 akkreditiert.<\/p>\n<p style=\"padding-left: 40px;\">Dar\u00fcber hinaus ist das Pr\u00fcflabor entsprechend Modul Immissionsschutz bundesweit nach \u00a7 29b Bundes-Immissionsschutzgesetz (BImSchG) in Gruppe I.1 Bereich O und Gruppe IV Bereich O bekanntgegeben bzw. notifiziert.<\/p>\n<p style=\"padding-left: 40px;\">Auch die Messverfahren VDA 270, PV3900 und ISO 16000 Innenraumverunreinigungen \u2013 Teil 28 Bestimmung der Geruchsstoffemissionen aus Bauprodukten mit einer Emissionspr\u00fcfkammer finden im akkreditierten Rahmen statt.<\/p>\n<p style=\"padding-left: 40px;\">Zus\u00e4tzlich ist auch unser Herstellungs- und Pr\u00fcfverfahren von Nalophan Probenbeuteln unter ISO 17025 akkreditiert.<\/p>\n<p>&nbsp;<\/p>\n<ul>\n<li><strong>Unser niederl\u00e4ndisches Labor mit der RvA-Registrierungsnummer <a href=\"https:\/\/www.rva.nl\/alle-geaccrediteerden\/l403\/\">L403<\/a><\/strong><img decoding=\"async\" src=\"https:\/\/www.olfasense.com\/wp-content\/uploads\/2021\/02\/Olfasense-RVA-Accrediation-300x117.png\" alt=\"Olfasense-RVA-Accrediation\" class=\"alignright wp-image-15320 size-medium\" width=\"300\" height=\"117\" srcset=\"https:\/\/www.olfasense.com\/wp-content\/uploads\/2021\/02\/Olfasense-RVA-Accrediation-300x117.png 300w, https:\/\/www.olfasense.com\/wp-content\/uploads\/2021\/02\/Olfasense-RVA-Accrediation-1024x399.png 1024w, https:\/\/www.olfasense.com\/wp-content\/uploads\/2021\/02\/Olfasense-RVA-Accrediation-768x299.png 768w, https:\/\/www.olfasense.com\/wp-content\/uploads\/2021\/02\/Olfasense-RVA-Accrediation-1536x599.png 1536w, https:\/\/www.olfasense.com\/wp-content\/uploads\/2021\/02\/Olfasense-RVA-Accrediation.png 2006w\" sizes=\"(max-width: 300px) 100vw, 300px\" \/><\/li>\n<\/ul>\n<p style=\"padding-left: 40px;\">Das niederl\u00e4ndische Labor ist f\u00fcr Dienstleistungen im Bereich Probenahme und Olfaktometrie.<\/p>\n<p>&nbsp;<\/p>\n<p>&nbsp;<\/p>\n<ul>\n<li><strong>Unsere beiden Labore in Gro\u00dfbritannien mit der UKAS-Registrierungsnummer <a href=\"https:\/\/www.ukas.com\/wp-content\/uploads\/schedule_uploads\/00002\/2430Testing-Multiple.pdf\">2430<\/a><\/strong><img decoding=\"async\" width=\"300\" height=\"117\" src=\"https:\/\/www.olfasense.com\/wp-content\/uploads\/2021\/02\/Olfasense-UKAS-Accrediation-300x117.png\" alt=\"Olfasense UKAS Accrediation\" class=\"alignright size-medium wp-image-15327\" srcset=\"https:\/\/www.olfasense.com\/wp-content\/uploads\/2021\/02\/Olfasense-UKAS-Accrediation-300x117.png 300w, https:\/\/www.olfasense.com\/wp-content\/uploads\/2021\/02\/Olfasense-UKAS-Accrediation-1024x399.png 1024w, https:\/\/www.olfasense.com\/wp-content\/uploads\/2021\/02\/Olfasense-UKAS-Accrediation-768x300.png 768w, https:\/\/www.olfasense.com\/wp-content\/uploads\/2021\/02\/Olfasense-UKAS-Accrediation-1536x599.png 1536w, https:\/\/www.olfasense.com\/wp-content\/uploads\/2021\/02\/Olfasense-UKAS-Accrediation.png 2000w\" sizes=\"(max-width: 300px) 100vw, 300px\" \/><\/li>\n<\/ul>\n<p style=\"padding-left: 40px;\">Neben dem akkreditierten Dienstleistungsspektrum f\u00fcr Probenahme und Olfaktometrie verf\u00fcgen unsere Labore in Gro\u00dfbritannien \u00fcber eine MCERTS-Akkreditierung f\u00fcr Geruchs-, Ammoniak-, Schwefelwasserstoff- und Bioaerosolanalysen.<\/p>\n<p>&nbsp;<\/p>\n<p><img decoding=\"async\" src=\"https:\/\/www.olfasense.com\/wp-content\/uploads\/2021\/02\/Olfasense-DAkkS-Accrediation-EP-300x166.png\" alt=\"\" class=\"alignright wp-image-15343\" width=\"211\" height=\"117\" srcset=\"https:\/\/www.olfasense.com\/wp-content\/uploads\/2021\/02\/Olfasense-DAkkS-Accrediation-EP-300x166.png 300w, https:\/\/www.olfasense.com\/wp-content\/uploads\/2021\/02\/Olfasense-DAkkS-Accrediation-EP-1024x567.png 1024w, https:\/\/www.olfasense.com\/wp-content\/uploads\/2021\/02\/Olfasense-DAkkS-Accrediation-EP-768x426.png 768w, https:\/\/www.olfasense.com\/wp-content\/uploads\/2021\/02\/Olfasense-DAkkS-Accrediation-EP-1536x851.png 1536w, https:\/\/www.olfasense.com\/wp-content\/uploads\/2021\/02\/Olfasense-DAkkS-Accrediation-EP-2048x1135.png 2048w\" sizes=\"(max-width: 211px) 100vw, 211px\" \/><\/p>\n<ul>\n<li><strong>Unsere Eignungspr\u00fcfstelle mit der DAkkS-Registriernummer<br \/>\n<a href=\"https:\/\/www.olfasense.com\/wp-content\/uploads\/2025\/11\/D-EP-17433-01-00_2025_10.06.2025-DE.pdf\">D-EP-17433-01-00<\/a><\/strong><\/li>\n<\/ul>\n<p style=\"padding-left: 40px;\">Des Weiteren ist Olfasense akkreditiert als Eignungspr\u00fcfungsanbieter nach ISO\/IEC 17043 f\u00fcr die Messmethoden EN 13725 und VDA 270 und f\u00fchrt diese Ringversuche mit Kunden aus aller Welt durch.<\/p>\n<p>&nbsp;<\/p>\n","protected":false},"excerpt":{"rendered":"Akkreditierte Dienstleistungen auf h\u00f6chsten Qualit\u00e4tsstandard Olfasense ist bekannt als innovatives Unternehmen. Dazu passt, dass wir Vorreiter bei der Akkreditierung von Geruchslaboren sind. Unsere erste ISO 17025 Akkreditierung \u2013 entsprechend des weltweiten Qualit\u00e4tsstandard f\u00fcr Pr\u00fcf- und Kalibrierlaboratorien &#8211; erhielten wir am 28.09.1993 f\u00fcr das Amsterdamer Labor. Derzeit betreiben wir 4 Pr\u00fcflabore f\u00fcr Geruch gem\u00e4\u00df des europ\u00e4ischen","protected":false},"author":1,"featured_media":0,"parent":4254,"menu_order":3,"comment_status":"closed","ping_status":"closed","template":"page-templates\/page-layout.php","meta":{"_acf_changed":false,"footnotes":""},"class_list":["post post-type-page post-view- post-scope-","status-publish","clear"],"acf":[],"_links":{"self":[{"href":"https:\/\/www.olfasense.com\/de\/wp-json\/wp\/v2\/pages\/4276","targetHints":{"allow":["GET"]}}],"collection":[{"href":"https:\/\/www.olfasense.com\/de\/wp-json\/wp\/v2\/pages"}],"about":[{"href":"https:\/\/www.olfasense.com\/de\/wp-json\/wp\/v2\/types\/page"}],"author":[{"embeddable":true,"href":"https:\/\/www.olfasense.com\/de\/wp-json\/wp\/v2\/users\/1"}],"replies":[{"embeddable":true,"href":"https:\/\/www.olfasense.com\/de\/wp-json\/wp\/v2\/comments?post=4276"}],"version-history":[{"count":4,"href":"https:\/\/www.olfasense.com\/de\/wp-json\/wp\/v2\/pages\/4276\/revisions"}],"predecessor-version":[{"id":25283,"href":"https:\/\/www.olfasense.com\/de\/wp-json\/wp\/v2\/pages\/4276\/revisions\/25283"}],"up":[{"embeddable":true,"href":"https:\/\/www.olfasense.com\/de\/wp-json\/wp\/v2\/pages\/4254"}],"wp:attachment":[{"href":"https:\/\/www.olfasense.com\/de\/wp-json\/wp\/v2\/media?parent=4276"}],"curies":[{"name":"wp","href":"https:\/\/api.w.org\/{rel}","templated":true}]}}