{"id":4254,"date":"2019-06-04T17:39:16","date_gmt":"2019-06-04T15:39:16","guid":{"rendered":"https:\/\/www.olfasense.com\/company\/"},"modified":"2020-06-11T10:45:17","modified_gmt":"2020-06-11T08:45:17","slug":"unternehmen","status":"publish","type":"page","link":"https:\/\/www.olfasense.com\/de\/unternehmen\/","title":{"rendered":"Die Olfasense Identit\u00e4t"},"content":{"rendered":"<p>Olfasense entwickelt und liefert Top-Level-Expertise f\u00fcr Verfahren in der sensorischen sowie molekularen Analytik und deren Anwendung bei Geruchsfragen im Umweltbereich sowie im Bereich der Produkt-und Materialpr\u00fcfung. Olfasense ist auch <span>der weltweit f\u00fchrende Anbieter von Ger\u00e4ten und Technologien f\u00fcr Geruchslabore.<\/span><\/p>\n<p>In allem, was wir tun, lassen wir uns von unserer\u00a0Corporate Identity leiten, die\u00a0besonderen Wert auf umfassendes Know How, Qualit\u00e4t und Kundenbetreuung\u00a0legt.<\/p>\n<p>Unsere Identit\u00e4t umfasst 6 Leitmotive, die die Basis unseres obersten\u00a0Ziels bilden:<\/p>\n<p>Gl\u00fcckliche Kunden mit zielgenauen L\u00f6sungen auszustatten.<\/p>\n","protected":false},"excerpt":{"rendered":"Olfasense entwickelt und liefert Top-Level-Expertise f\u00fcr Verfahren in der sensorischen sowie molekularen Analytik und deren Anwendung bei Geruchsfragen im Umweltbereich sowie im Bereich der Produkt-und Materialpr\u00fcfung. Olfasense ist auch der weltweit f\u00fchrende Anbieter von Ger\u00e4ten und Technologien f\u00fcr Geruchslabore. In allem, was wir tun, lassen wir uns von unserer\u00a0Corporate Identity leiten, die\u00a0besonderen Wert auf umfassendes","protected":false},"author":1,"featured_media":0,"parent":0,"menu_order":9,"comment_status":"closed","ping_status":"closed","template":"page-templates\/page-layout-intro.php","meta":{"_acf_changed":false,"footnotes":""},"class_list":["post post-type-page post-view- post-scope-","status-publish","clear"],"acf":[],"_links":{"self":[{"href":"https:\/\/www.olfasense.com\/de\/wp-json\/wp\/v2\/pages\/4254","targetHints":{"allow":["GET"]}}],"collection":[{"href":"https:\/\/www.olfasense.com\/de\/wp-json\/wp\/v2\/pages"}],"about":[{"href":"https:\/\/www.olfasense.com\/de\/wp-json\/wp\/v2\/types\/page"}],"author":[{"embeddable":true,"href":"https:\/\/www.olfasense.com\/de\/wp-json\/wp\/v2\/users\/1"}],"replies":[{"embeddable":true,"href":"https:\/\/www.olfasense.com\/de\/wp-json\/wp\/v2\/comments?post=4254"}],"version-history":[{"count":4,"href":"https:\/\/www.olfasense.com\/de\/wp-json\/wp\/v2\/pages\/4254\/revisions"}],"predecessor-version":[{"id":11949,"href":"https:\/\/www.olfasense.com\/de\/wp-json\/wp\/v2\/pages\/4254\/revisions\/11949"}],"wp:attachment":[{"href":"https:\/\/www.olfasense.com\/de\/wp-json\/wp\/v2\/media?parent=4254"}],"curies":[{"name":"wp","href":"https:\/\/api.w.org\/{rel}","templated":true}]}}