{"id":3828,"date":"2019-06-27T15:14:35","date_gmt":"2019-06-27T13:14:35","guid":{"rendered":"https:\/\/www.olfasense.com\/odour-laboratory-quality-management-services\/reference-material-and-training\/"},"modified":"2021-03-18T12:51:46","modified_gmt":"2021-03-18T11:51:46","slug":"referenzmaterial-schulungen","status":"publish","type":"page","link":"https:\/\/www.olfasense.com\/de\/qualitaetsmanagement-geruchslabore\/referenzmaterial-schulungen\/","title":{"rendered":"Referenzmaterial und Geruchsschulungen"},"content":{"rendered":"<p>Nutzen Sie unser Referenzmaterial und lassen Sie Ihr Personal schulen, um f\u00fcr die n\u00e4chste Akkreditierung ger\u00fcstet zu sein.<\/p>\n","protected":false},"excerpt":{"rendered":"Nutzen Sie unser Referenzmaterial und lassen Sie Ihr Personal schulen, um f\u00fcr die n\u00e4chste Akkreditierung ger\u00fcstet zu sein.","protected":false},"author":5,"featured_media":0,"parent":3809,"menu_order":2,"comment_status":"closed","ping_status":"closed","template":"page-templates\/page-layout.php","meta":{"_acf_changed":false,"footnotes":""},"class_list":["post post-type-page post-view- post-scope-","status-publish","clear"],"acf":[],"_links":{"self":[{"href":"https:\/\/www.olfasense.com\/de\/wp-json\/wp\/v2\/pages\/3828","targetHints":{"allow":["GET"]}}],"collection":[{"href":"https:\/\/www.olfasense.com\/de\/wp-json\/wp\/v2\/pages"}],"about":[{"href":"https:\/\/www.olfasense.com\/de\/wp-json\/wp\/v2\/types\/page"}],"author":[{"embeddable":true,"href":"https:\/\/www.olfasense.com\/de\/wp-json\/wp\/v2\/users\/5"}],"replies":[{"embeddable":true,"href":"https:\/\/www.olfasense.com\/de\/wp-json\/wp\/v2\/comments?post=3828"}],"version-history":[{"count":3,"href":"https:\/\/www.olfasense.com\/de\/wp-json\/wp\/v2\/pages\/3828\/revisions"}],"predecessor-version":[{"id":16199,"href":"https:\/\/www.olfasense.com\/de\/wp-json\/wp\/v2\/pages\/3828\/revisions\/16199"}],"up":[{"embeddable":true,"href":"https:\/\/www.olfasense.com\/de\/wp-json\/wp\/v2\/pages\/3809"}],"wp:attachment":[{"href":"https:\/\/www.olfasense.com\/de\/wp-json\/wp\/v2\/media?parent=3828"}],"curies":[{"name":"wp","href":"https:\/\/api.w.org\/{rel}","templated":true}]}}