{"id":3823,"date":"2019-06-27T15:14:14","date_gmt":"2019-06-27T13:14:14","guid":{"rendered":"https:\/\/www.olfasense.com\/odour-laboratory-quality-management-services\/interlaboratory-comparisons\/"},"modified":"2025-02-07T09:42:44","modified_gmt":"2025-02-07T08:42:44","slug":"ringversuche","status":"publish","type":"page","link":"https:\/\/www.olfasense.com\/de\/qualitaetsmanagement-geruchslabore\/ringversuche\/","title":{"rendered":"Ringversuche &#038; Eignungspr\u00fcfungen"},"content":{"rendered":"<p>Olfasense ist Anbieter von Eignungspr\u00fcfungen nach EN 13725 und VDA 270 weltweit, und ist seit 2005 f\u00fcr die Ausf\u00fchrung dieser akkreditiert (aktuell gem\u00e4\u00df ISO 17043). Unsere Ringversuche sind \u00f6ffentlich zug\u00e4nglich und werden regelm\u00e4\u00dfig im 1- bzw. 2-Jahres-Intervall angeboten.<\/p>\n<p>Wenn Sie Einladungen zu den Olfasense Ringversuchen erhalten m\u00f6chten, abonnieren Sie bitte unseren Newsletter am Ende dieser Seite.<\/p>\n<p>Bei Beschwerden oder Einw\u00e4nden wenden Sie sich bitte direkt an <a href=\"mailto:qaqc@olfasense.com\">qaqc@olfasense.com<\/a>.<\/p>\n","protected":false},"excerpt":{"rendered":"Olfasense ist Anbieter von Eignungspr\u00fcfungen nach EN 13725 und VDA 270 weltweit, und ist seit 2005 f\u00fcr die Ausf\u00fchrung dieser akkreditiert (aktuell gem\u00e4\u00df ISO 17043). Unsere Ringversuche sind \u00f6ffentlich zug\u00e4nglich und werden regelm\u00e4\u00dfig im 1- bzw. 2-Jahres-Intervall angeboten. Wenn Sie Einladungen zu den Olfasense Ringversuchen erhalten m\u00f6chten, abonnieren Sie bitte unseren Newsletter am Ende dieser","protected":false},"author":5,"featured_media":0,"parent":3809,"menu_order":1,"comment_status":"closed","ping_status":"closed","template":"page-templates\/page-layout.php","meta":{"_acf_changed":false,"footnotes":""},"class_list":["post post-type-page post-view- post-scope-","status-publish","clear"],"acf":[],"_links":{"self":[{"href":"https:\/\/www.olfasense.com\/de\/wp-json\/wp\/v2\/pages\/3823","targetHints":{"allow":["GET"]}}],"collection":[{"href":"https:\/\/www.olfasense.com\/de\/wp-json\/wp\/v2\/pages"}],"about":[{"href":"https:\/\/www.olfasense.com\/de\/wp-json\/wp\/v2\/types\/page"}],"author":[{"embeddable":true,"href":"https:\/\/www.olfasense.com\/de\/wp-json\/wp\/v2\/users\/5"}],"replies":[{"embeddable":true,"href":"https:\/\/www.olfasense.com\/de\/wp-json\/wp\/v2\/comments?post=3823"}],"version-history":[{"count":3,"href":"https:\/\/www.olfasense.com\/de\/wp-json\/wp\/v2\/pages\/3823\/revisions"}],"predecessor-version":[{"id":24758,"href":"https:\/\/www.olfasense.com\/de\/wp-json\/wp\/v2\/pages\/3823\/revisions\/24758"}],"up":[{"embeddable":true,"href":"https:\/\/www.olfasense.com\/de\/wp-json\/wp\/v2\/pages\/3809"}],"wp:attachment":[{"href":"https:\/\/www.olfasense.com\/de\/wp-json\/wp\/v2\/media?parent=3823"}],"curies":[{"name":"wp","href":"https:\/\/api.w.org\/{rel}","templated":true}]}}