{"id":3809,"date":"2019-06-04T17:38:28","date_gmt":"2019-06-04T15:38:28","guid":{"rendered":"https:\/\/www.olfasense.com\/odour-laboratory-quality-management-services\/"},"modified":"2020-11-25T14:02:58","modified_gmt":"2020-11-25T13:02:58","slug":"qualitaetsmanagement-geruchslabore","status":"publish","type":"page","link":"https:\/\/www.olfasense.com\/de\/qualitaetsmanagement-geruchslabore\/","title":{"rendered":"Ringversuche EN 13725, VDA270 und VOC"},"content":{"rendered":"<h2>&#8211; zur Qualit\u00e4tssicherung Ihrer Geruchslabore<\/h2>\n<p>Durch die Teilnahme an unseren Ringversuchen EN 13725 und VDA 270 zur Geruchsmessung k\u00f6nnen Sie Ihre Methodenkompetenz zu unterschiedlichen Normen regelm\u00e4\u00dfig nachweisen. So st\u00e4rken Sie das Vertrauen Ihrer Kunden. Und erhalten wertvolles Feedback zur Qualit\u00e4t Ihrer Labor-Leistung \u2013 auch im Vergleich zu internationalen Marktbegleitern. Mit individuellen und spezifischen Ringversuchen unterst\u00fctzen wir Sie zudem dabei, Ihre<\/p>\n<ul>\n<li>Lieferanten zu \u00fcberpr\u00fcfen und zuzulassen<\/li>\n<li>Nachweise f\u00fcr bestehende und zuk\u00fcnftige Akkreditierungen zu erbringen<\/li>\n<li>Messverfahren zur Geruchsmessung zu verbessern<\/li>\n<li>Labor-Qualit\u00e4t zu optimieren<\/li>\n<\/ul>\n","protected":false},"excerpt":{"rendered":"&#8211; zur Qualit\u00e4tssicherung Ihrer Geruchslabore Durch die Teilnahme an unseren Ringversuchen EN 13725 und VDA 270 zur Geruchsmessung k\u00f6nnen Sie Ihre Methodenkompetenz zu unterschiedlichen Normen regelm\u00e4\u00dfig nachweisen. So st\u00e4rken Sie das Vertrauen Ihrer Kunden. Und erhalten wertvolles Feedback zur Qualit\u00e4t Ihrer Labor-Leistung \u2013 auch im Vergleich zu internationalen Marktbegleitern. Mit individuellen und spezifischen Ringversuchen unterst\u00fctzen","protected":false},"author":1,"featured_media":12887,"parent":0,"menu_order":8,"comment_status":"closed","ping_status":"closed","template":"page-templates\/page-layout-intro.php","meta":{"_acf_changed":false,"footnotes":""},"class_list":["post post-type-page post-view- post-scope-","status-publish","has-post-thumbnail","clear"],"acf":[],"_links":{"self":[{"href":"https:\/\/www.olfasense.com\/de\/wp-json\/wp\/v2\/pages\/3809","targetHints":{"allow":["GET"]}}],"collection":[{"href":"https:\/\/www.olfasense.com\/de\/wp-json\/wp\/v2\/pages"}],"about":[{"href":"https:\/\/www.olfasense.com\/de\/wp-json\/wp\/v2\/types\/page"}],"author":[{"embeddable":true,"href":"https:\/\/www.olfasense.com\/de\/wp-json\/wp\/v2\/users\/1"}],"replies":[{"embeddable":true,"href":"https:\/\/www.olfasense.com\/de\/wp-json\/wp\/v2\/comments?post=3809"}],"version-history":[{"count":4,"href":"https:\/\/www.olfasense.com\/de\/wp-json\/wp\/v2\/pages\/3809\/revisions"}],"predecessor-version":[{"id":14044,"href":"https:\/\/www.olfasense.com\/de\/wp-json\/wp\/v2\/pages\/3809\/revisions\/14044"}],"wp:featuredmedia":[{"embeddable":true,"href":"https:\/\/www.olfasense.com\/de\/wp-json\/wp\/v2\/media\/12887"}],"wp:attachment":[{"href":"https:\/\/www.olfasense.com\/de\/wp-json\/wp\/v2\/media?parent=3809"}],"curies":[{"name":"wp","href":"https:\/\/api.w.org\/{rel}","templated":true}]}}