{"id":3679,"date":"2019-07-09T14:26:23","date_gmt":"2019-07-09T12:26:23","guid":{"rendered":"https:\/\/www.olfasense.com\/?page_id=3679"},"modified":"2019-07-23T14:26:08","modified_gmt":"2019-07-23T12:26:08","slug":"weitere-dienstleistungen","status":"publish","type":"page","link":"https:\/\/www.olfasense.com\/de\/umweltgerueche\/weitere-dienstleistungen\/","title":{"rendered":"Wir haben noch mehr zu bieten"},"content":{"rendered":"<p>Neben unseren \u00fcblichen Geruchsmessungen unterst\u00fctzen wir unsere Kunden regelm\u00e4\u00dfig mit einer Reihe an erg\u00e4nzenden Dienstleistungen.<\/p>\n","protected":false},"excerpt":{"rendered":"Neben unseren \u00fcblichen Geruchsmessungen unterst\u00fctzen wir unsere Kunden regelm\u00e4\u00dfig mit einer Reihe an erg\u00e4nzenden Dienstleistungen.","protected":false},"author":5,"featured_media":0,"parent":3662,"menu_order":2,"comment_status":"closed","ping_status":"closed","template":"page-templates\/page-layout.php","meta":{"_acf_changed":false,"footnotes":""},"class_list":["post post-type-page post-view- post-scope-","status-publish","clear"],"acf":[],"_links":{"self":[{"href":"https:\/\/www.olfasense.com\/de\/wp-json\/wp\/v2\/pages\/3679","targetHints":{"allow":["GET"]}}],"collection":[{"href":"https:\/\/www.olfasense.com\/de\/wp-json\/wp\/v2\/pages"}],"about":[{"href":"https:\/\/www.olfasense.com\/de\/wp-json\/wp\/v2\/types\/page"}],"author":[{"embeddable":true,"href":"https:\/\/www.olfasense.com\/de\/wp-json\/wp\/v2\/users\/5"}],"replies":[{"embeddable":true,"href":"https:\/\/www.olfasense.com\/de\/wp-json\/wp\/v2\/comments?post=3679"}],"version-history":[{"count":2,"href":"https:\/\/www.olfasense.com\/de\/wp-json\/wp\/v2\/pages\/3679\/revisions"}],"predecessor-version":[{"id":3682,"href":"https:\/\/www.olfasense.com\/de\/wp-json\/wp\/v2\/pages\/3679\/revisions\/3682"}],"up":[{"embeddable":true,"href":"https:\/\/www.olfasense.com\/de\/wp-json\/wp\/v2\/pages\/3662"}],"wp:attachment":[{"href":"https:\/\/www.olfasense.com\/de\/wp-json\/wp\/v2\/media?parent=3679"}],"curies":[{"name":"wp","href":"https:\/\/api.w.org\/{rel}","templated":true}]}}