{"id":3662,"date":"2019-07-09T08:59:04","date_gmt":"2019-07-09T06:59:04","guid":{"rendered":"https:\/\/www.olfasense.com\/?page_id=3662"},"modified":"2024-08-13T14:58:31","modified_gmt":"2024-08-13T12:58:31","slug":"umweltgerueche","status":"publish","type":"page","link":"https:\/\/www.olfasense.com\/de\/umweltgerueche\/","title":{"rendered":"Beratung und Gutachten im Bereich Immissionsschutz"},"content":{"rendered":"<h2>Akkreditierte Messstelle und Sachverst\u00e4ndige<\/h2>\n<p>Als akkreditierte Messstelle und Sachverst\u00e4ndige mit \u00fcber 20 Jahren Erfahrung sch\u00e4tzen wir die Immissionssituation bei Ihnen vor Ort ein. Nach den gesetzlichen Anforderungen erstellen wir Ihnen f\u00fcr Ihre Aufgabe im Immissionsschutz ein umf\u00e4ngliches Gutachten f\u00fcr Geruch oder weitere Schadstoffe. Unsere Dienstleistungen gehen dabei von Beratung im Immissionsschutz \u00fcber Immissionsprognosen zur Darstellung von Schornsteinh\u00f6henberechnung und Ausbreitungsrechnung bis zu Messungen der Geruchsemissionen und Geruchsimmissionen. Klare Handlungsanweisungen und ma\u00dfgeschneiderte L\u00f6sungen f\u00fcr Ihre Anlage unterst\u00fctzen Sie dabei, Immissionsvorschriften einzuhalten und die Genehmigungsf\u00e4higkeit Ihrer Anlage zu erlangen oder zu erhalten. Passende Geruchsmanagement-Strategien helfen Ihnen ganz pragmatisch dabei<\/p>\n<ul>\n<li>Emissionen nachhaltig zu kontrollieren<\/li>\n<li>Geruchsminderung optimal zu planen<\/li>\n<li>Risiken von Geruchsimmissionen zu minimieren<\/li>\n<li>soziale und beh\u00f6rdliche Konflikte zu vermeiden<\/li>\n<\/ul>\n<p>Profitieren Sie von unserem Know-how als Entwickler zeitgem\u00e4\u00dfer Messtechnik-L\u00f6sungen und internationaler Anwender-Expertise.<\/p>\n","protected":false},"excerpt":{"rendered":"Akkreditierte Messstelle und Sachverst\u00e4ndige Als akkreditierte Messstelle und Sachverst\u00e4ndige mit \u00fcber 20 Jahren Erfahrung sch\u00e4tzen wir die Immissionssituation bei Ihnen vor Ort ein. Nach den gesetzlichen Anforderungen erstellen wir Ihnen f\u00fcr Ihre Aufgabe im Immissionsschutz ein umf\u00e4ngliches Gutachten f\u00fcr Geruch oder weitere Schadstoffe. Unsere Dienstleistungen gehen dabei von Beratung im Immissionsschutz \u00fcber Immissionsprognosen zur Darstellung","protected":false},"author":5,"featured_media":13100,"parent":0,"menu_order":5,"comment_status":"closed","ping_status":"closed","template":"page-templates\/page-layout-intro.php","meta":{"_acf_changed":false,"footnotes":""},"class_list":["post post-type-page post-view- post-scope-","status-publish","has-post-thumbnail","clear"],"acf":[],"_links":{"self":[{"href":"https:\/\/www.olfasense.com\/de\/wp-json\/wp\/v2\/pages\/3662","targetHints":{"allow":["GET"]}}],"collection":[{"href":"https:\/\/www.olfasense.com\/de\/wp-json\/wp\/v2\/pages"}],"about":[{"href":"https:\/\/www.olfasense.com\/de\/wp-json\/wp\/v2\/types\/page"}],"author":[{"embeddable":true,"href":"https:\/\/www.olfasense.com\/de\/wp-json\/wp\/v2\/users\/5"}],"replies":[{"embeddable":true,"href":"https:\/\/www.olfasense.com\/de\/wp-json\/wp\/v2\/comments?post=3662"}],"version-history":[{"count":4,"href":"https:\/\/www.olfasense.com\/de\/wp-json\/wp\/v2\/pages\/3662\/revisions"}],"predecessor-version":[{"id":23772,"href":"https:\/\/www.olfasense.com\/de\/wp-json\/wp\/v2\/pages\/3662\/revisions\/23772"}],"wp:featuredmedia":[{"embeddable":true,"href":"https:\/\/www.olfasense.com\/de\/wp-json\/wp\/v2\/media\/13100"}],"wp:attachment":[{"href":"https:\/\/www.olfasense.com\/de\/wp-json\/wp\/v2\/media?parent=3662"}],"curies":[{"name":"wp","href":"https:\/\/api.w.org\/{rel}","templated":true}]}}