{"id":3555,"date":"2019-07-05T13:16:31","date_gmt":"2019-07-05T11:16:31","guid":{"rendered":"https:\/\/www.olfasense.com\/?page_id=3555"},"modified":"2020-11-20T12:41:08","modified_gmt":"2020-11-20T11:41:08","slug":"weitere-dienstleistungen","status":"publish","type":"page","link":"https:\/\/www.olfasense.com\/de\/produktoptimierung\/weitere-dienstleistungen\/","title":{"rendered":"Wir haben noch mehr zu bieten"},"content":{"rendered":"<p>Neben den \u00fcblichen Geruchsmessungen unterst\u00fctzen wir unsere Kunden regelm\u00e4\u00dfig mit einer Reihe an erg\u00e4nzenden Dienstleistungen, die wir Ihnen hierunter vorstellen.<\/p>\n","protected":false},"excerpt":{"rendered":"Neben den \u00fcblichen Geruchsmessungen unterst\u00fctzen wir unsere Kunden regelm\u00e4\u00dfig mit einer Reihe an erg\u00e4nzenden Dienstleistungen, die wir Ihnen hierunter vorstellen.","protected":false},"author":5,"featured_media":0,"parent":3529,"menu_order":0,"comment_status":"closed","ping_status":"closed","template":"page-templates\/page-layout.php","meta":{"_acf_changed":false,"footnotes":""},"class_list":["post post-type-page post-view- post-scope-","status-publish","clear"],"acf":[],"_links":{"self":[{"href":"https:\/\/www.olfasense.com\/de\/wp-json\/wp\/v2\/pages\/3555","targetHints":{"allow":["GET"]}}],"collection":[{"href":"https:\/\/www.olfasense.com\/de\/wp-json\/wp\/v2\/pages"}],"about":[{"href":"https:\/\/www.olfasense.com\/de\/wp-json\/wp\/v2\/types\/page"}],"author":[{"embeddable":true,"href":"https:\/\/www.olfasense.com\/de\/wp-json\/wp\/v2\/users\/5"}],"replies":[{"embeddable":true,"href":"https:\/\/www.olfasense.com\/de\/wp-json\/wp\/v2\/comments?post=3555"}],"version-history":[{"count":3,"href":"https:\/\/www.olfasense.com\/de\/wp-json\/wp\/v2\/pages\/3555\/revisions"}],"predecessor-version":[{"id":3750,"href":"https:\/\/www.olfasense.com\/de\/wp-json\/wp\/v2\/pages\/3555\/revisions\/3750"}],"up":[{"embeddable":true,"href":"https:\/\/www.olfasense.com\/de\/wp-json\/wp\/v2\/pages\/3529"}],"wp:attachment":[{"href":"https:\/\/www.olfasense.com\/de\/wp-json\/wp\/v2\/media?parent=3555"}],"curies":[{"name":"wp","href":"https:\/\/api.w.org\/{rel}","templated":true}]}}