{"id":3544,"date":"2019-07-05T12:45:30","date_gmt":"2019-07-05T10:45:30","guid":{"rendered":"https:\/\/www.olfasense.com\/?page_id=3544"},"modified":"2026-01-28T09:35:16","modified_gmt":"2026-01-28T08:35:16","slug":"geraete-geruchslabore","status":"publish","type":"page","link":"https:\/\/www.olfasense.com\/de\/geraete-geruchslabore\/","title":{"rendered":"Ger\u00e4te und Technologien f\u00fcr Geruchsmessungen, VOC Kammerpr\u00fcfungen und Schadgaspr\u00fcfungen"},"content":{"rendered":"<h2>Ausstattung f\u00fcr Geruchslabore, VOC Emissionspr\u00fcfungen und Schadgaspr\u00fcfungen<\/h2>\n<p>Als Hersteller von Olfaktometern, VOC Emissionspr\u00fcfkammern, Schadgaspr\u00fcfkammern, Ger\u00e4ten zur Probenahme, und Software, tun wir alles daf\u00fcr, Ger\u00fcche und VOCs verl\u00e4sslicher und anwenderfreundlicher zu messen. Unsere Komplett-L\u00f6sungen sind in unterschiedlichen Umgebungen praxiserprobt. Und optimal aufeinander abgestimmt. Nur wir sind Hersteller, akkreditierte Pr\u00fcfstelle und Dienstleister f\u00fcr Geruchsmessung in Einem. So helfen wir Ihnen und Ihren Kunden dabei, besser zu werden. Tag f\u00fcr Tag. Seit 1996. Weltweit. Durch<\/p>\n<ul>\n<li>schnelle Analyseprozesse<\/li>\n<li>sofort verwertbare Ergebnisse<\/li>\n<li>normkonforme und akkreditierungsreife Messabl\u00e4ufe<\/li>\n<li>optimierte Schnittstellen zwischen Mensch und Maschine<\/li>\n<li>mobile Einsatzm\u00f6glichkeiten<\/li>\n<li>ergonomische Designs<\/li>\n<li>und einen verl\u00e4sslichen Support<\/li>\n<\/ul>\n","protected":false},"excerpt":{"rendered":"Ausstattung f\u00fcr Geruchslabore, VOC Emissionspr\u00fcfungen und Schadgaspr\u00fcfungen Als Hersteller von Olfaktometern, VOC Emissionspr\u00fcfkammern, Schadgaspr\u00fcfkammern, Ger\u00e4ten zur Probenahme, und Software, tun wir alles daf\u00fcr, Ger\u00fcche und VOCs verl\u00e4sslicher und anwenderfreundlicher zu messen. Unsere Komplett-L\u00f6sungen sind in unterschiedlichen Umgebungen praxiserprobt. Und optimal aufeinander abgestimmt. Nur wir sind Hersteller, akkreditierte Pr\u00fcfstelle und Dienstleister f\u00fcr Geruchsmessung in Einem. So","protected":false},"author":5,"featured_media":12880,"parent":0,"menu_order":7,"comment_status":"closed","ping_status":"closed","template":"page-templates\/page-layout-intro.php","meta":{"_acf_changed":false,"footnotes":""},"class_list":["post post-type-page post-view- post-scope-","status-publish","has-post-thumbnail","clear"],"acf":[],"_links":{"self":[{"href":"https:\/\/www.olfasense.com\/de\/wp-json\/wp\/v2\/pages\/3544","targetHints":{"allow":["GET"]}}],"collection":[{"href":"https:\/\/www.olfasense.com\/de\/wp-json\/wp\/v2\/pages"}],"about":[{"href":"https:\/\/www.olfasense.com\/de\/wp-json\/wp\/v2\/types\/page"}],"author":[{"embeddable":true,"href":"https:\/\/www.olfasense.com\/de\/wp-json\/wp\/v2\/users\/5"}],"replies":[{"embeddable":true,"href":"https:\/\/www.olfasense.com\/de\/wp-json\/wp\/v2\/comments?post=3544"}],"version-history":[{"count":5,"href":"https:\/\/www.olfasense.com\/de\/wp-json\/wp\/v2\/pages\/3544\/revisions"}],"predecessor-version":[{"id":25311,"href":"https:\/\/www.olfasense.com\/de\/wp-json\/wp\/v2\/pages\/3544\/revisions\/25311"}],"wp:featuredmedia":[{"embeddable":true,"href":"https:\/\/www.olfasense.com\/de\/wp-json\/wp\/v2\/media\/12880"}],"wp:attachment":[{"href":"https:\/\/www.olfasense.com\/de\/wp-json\/wp\/v2\/media?parent=3544"}],"curies":[{"name":"wp","href":"https:\/\/api.w.org\/{rel}","templated":true}]}}