{"id":3529,"date":"2019-07-05T10:54:45","date_gmt":"2019-07-05T08:54:45","guid":{"rendered":"https:\/\/www.olfasense.com\/?page_id=3529"},"modified":"2022-08-29T15:32:38","modified_gmt":"2022-08-29T13:32:38","slug":"produktoptimierung","status":"publish","type":"page","link":"https:\/\/www.olfasense.com\/de\/produktoptimierung\/","title":{"rendered":"Geruchsmessung zur Produktoptimierung und Material\u00fcberpr\u00fcfung"},"content":{"rendered":"<p>Als nach DIN EN ISO\/IEC 17025 akkreditiertes Geruchslabor messen wir Ger\u00fcche von Produkten und den darin enthaltenen Rohmaterialien oder Komponenten. Umf\u00e4ngliche Geruchsanalysen und Bewertungen helfen Ihnen, die geruchliche Wirkung Ihres Produkts zu erkennen. Und besondere geruchliche Eigenschaften einzelner Materialien von unabh\u00e4ngiger Seite best\u00e4tigen zu lassen. So unterst\u00fctzen unsere geruchlichen Analysen Sie dabei<\/p>\n<ul>\n<li>Produkte so zu entwickeln, dass die gew\u00fcnschte Geruchs-Wirkung erzielt oder verst\u00e4rkt wird<\/li>\n<li>Produktaussagen Ihres Marketing-Claims wissenschaftlich zu untermauern<\/li>\n<li>die Qualit\u00e4t Ihrer Produkte vorausschauend zu sichern<\/li>\n<\/ul>\n","protected":false},"excerpt":{"rendered":"Als nach DIN EN ISO\/IEC 17025 akkreditiertes Geruchslabor messen wir Ger\u00fcche von Produkten und den darin enthaltenen Rohmaterialien oder Komponenten. Umf\u00e4ngliche Geruchsanalysen und Bewertungen helfen Ihnen, die geruchliche Wirkung Ihres Produkts zu erkennen. Und besondere geruchliche Eigenschaften einzelner Materialien von unabh\u00e4ngiger Seite best\u00e4tigen zu lassen. So unterst\u00fctzen unsere geruchlichen Analysen Sie dabei Produkte so zu","protected":false},"author":5,"featured_media":12859,"parent":0,"menu_order":3,"comment_status":"closed","ping_status":"closed","template":"page-templates\/page-layout-intro.php","meta":{"_acf_changed":false,"footnotes":""},"class_list":["post post-type-page post-view- post-scope-","status-publish","has-post-thumbnail","clear"],"acf":[],"_links":{"self":[{"href":"https:\/\/www.olfasense.com\/de\/wp-json\/wp\/v2\/pages\/3529","targetHints":{"allow":["GET"]}}],"collection":[{"href":"https:\/\/www.olfasense.com\/de\/wp-json\/wp\/v2\/pages"}],"about":[{"href":"https:\/\/www.olfasense.com\/de\/wp-json\/wp\/v2\/types\/page"}],"author":[{"embeddable":true,"href":"https:\/\/www.olfasense.com\/de\/wp-json\/wp\/v2\/users\/5"}],"replies":[{"embeddable":true,"href":"https:\/\/www.olfasense.com\/de\/wp-json\/wp\/v2\/comments?post=3529"}],"version-history":[{"count":3,"href":"https:\/\/www.olfasense.com\/de\/wp-json\/wp\/v2\/pages\/3529\/revisions"}],"predecessor-version":[{"id":20212,"href":"https:\/\/www.olfasense.com\/de\/wp-json\/wp\/v2\/pages\/3529\/revisions\/20212"}],"wp:featuredmedia":[{"embeddable":true,"href":"https:\/\/www.olfasense.com\/de\/wp-json\/wp\/v2\/media\/12859"}],"wp:attachment":[{"href":"https:\/\/www.olfasense.com\/de\/wp-json\/wp\/v2\/media?parent=3529"}],"curies":[{"name":"wp","href":"https:\/\/api.w.org\/{rel}","templated":true}]}}