{"id":3518,"date":"2019-07-05T09:43:07","date_gmt":"2019-07-05T07:43:07","guid":{"rendered":"https:\/\/www.olfasense.com\/?page_id=3518"},"modified":"2024-08-13T14:57:35","modified_gmt":"2024-08-13T12:57:35","slug":"olfasense","status":"publish","type":"page","link":"https:\/\/www.olfasense.com\/de\/","title":{"rendered":"Olfasense"},"content":{"rendered":"<h2 lang=\"de-de\">Top-Level-Expertise f\u00fcr Geruchsmessungen<\/h2>\n<p class=\"first-paragraph\">Wir von Olfasense entwickeln und fertigen Ger\u00e4te und Technologien zur Geruchsmessung, sowie VOC Emissionskammern und Schadgaspr\u00fcfkammern. Wir messen auch die Ger\u00fcche und VOCs Ihrer Produkte, Materialien und Industrieanlagen. Alles aus einer Hand. Von Anwender f\u00fcr Anwender. Weltweit. Seit 1996.<\/p>\n","protected":false},"excerpt":{"rendered":"Top-Level-Expertise f\u00fcr Geruchsmessungen Wir von Olfasense entwickeln und fertigen Ger\u00e4te und Technologien zur Geruchsmessung, sowie VOC Emissionskammern und Schadgaspr\u00fcfkammern. Wir messen auch die Ger\u00fcche und VOCs Ihrer Produkte, Materialien und Industrieanlagen. Alles aus einer Hand. Von Anwender f\u00fcr Anwender. Weltweit. Seit 1996.","protected":false},"author":5,"featured_media":0,"parent":0,"menu_order":1,"comment_status":"closed","ping_status":"closed","template":"page-templates\/page-front.php","meta":{"_acf_changed":false,"footnotes":""},"class_list":["post post-type-page post-view- post-scope-","status-publish","clear"],"acf":[],"_links":{"self":[{"href":"https:\/\/www.olfasense.com\/de\/wp-json\/wp\/v2\/pages\/3518","targetHints":{"allow":["GET"]}}],"collection":[{"href":"https:\/\/www.olfasense.com\/de\/wp-json\/wp\/v2\/pages"}],"about":[{"href":"https:\/\/www.olfasense.com\/de\/wp-json\/wp\/v2\/types\/page"}],"author":[{"embeddable":true,"href":"https:\/\/www.olfasense.com\/de\/wp-json\/wp\/v2\/users\/5"}],"replies":[{"embeddable":true,"href":"https:\/\/www.olfasense.com\/de\/wp-json\/wp\/v2\/comments?post=3518"}],"version-history":[{"count":5,"href":"https:\/\/www.olfasense.com\/de\/wp-json\/wp\/v2\/pages\/3518\/revisions"}],"predecessor-version":[{"id":23771,"href":"https:\/\/www.olfasense.com\/de\/wp-json\/wp\/v2\/pages\/3518\/revisions\/23771"}],"wp:attachment":[{"href":"https:\/\/www.olfasense.com\/de\/wp-json\/wp\/v2\/media?parent=3518"}],"curies":[{"name":"wp","href":"https:\/\/api.w.org\/{rel}","templated":true}]}}