{"id":23521,"date":"2024-06-07T14:59:04","date_gmt":"2024-06-07T12:59:04","guid":{"rendered":"https:\/\/www.olfasense.com\/?page_id=23521"},"modified":"2024-06-10T09:30:56","modified_gmt":"2024-06-10T07:30:56","slug":"sachverstaendige-gerueche","status":"publish","type":"page","link":"https:\/\/www.olfasense.com\/de\/umweltgerueche\/sachverstaendige-gerueche\/","title":{"rendered":"Unsere Kernkompetenzen als Sachverst\u00e4ndige f\u00fcr Ger\u00fcche"},"content":{"rendered":"<p>Olfasense bietet Ihnen ein breites Dienstleistungsspektrum im Bereich Probenahme, Geruchsanalyse und Geruchsmanagement &#8211; akkreditiert gem\u00e4\u00df international anerkannter Qualit\u00e4tsstandards. Dabei k\u00f6nnen wir als eines von wenigen Unternehmen sowohl sensorische als auch molekulare Geruchsanalysen auf h\u00f6chstem Niveau durchf\u00fchren.<\/p>\n","protected":false},"excerpt":{"rendered":"Olfasense bietet Ihnen ein breites Dienstleistungsspektrum im Bereich Probenahme, Geruchsanalyse und Geruchsmanagement &#8211; akkreditiert gem\u00e4\u00df international anerkannter Qualit\u00e4tsstandards. Dabei k\u00f6nnen wir als eines von wenigen Unternehmen sowohl sensorische als auch molekulare Geruchsanalysen auf h\u00f6chstem Niveau durchf\u00fchren.","protected":false},"author":5,"featured_media":0,"parent":3662,"menu_order":0,"comment_status":"closed","ping_status":"closed","template":"page-templates\/page-layout.php","meta":{"_acf_changed":false,"footnotes":""},"class_list":["post post-type-page post-view- post-scope-","status-publish","clear"],"acf":[],"_links":{"self":[{"href":"https:\/\/www.olfasense.com\/de\/wp-json\/wp\/v2\/pages\/23521","targetHints":{"allow":["GET"]}}],"collection":[{"href":"https:\/\/www.olfasense.com\/de\/wp-json\/wp\/v2\/pages"}],"about":[{"href":"https:\/\/www.olfasense.com\/de\/wp-json\/wp\/v2\/types\/page"}],"author":[{"embeddable":true,"href":"https:\/\/www.olfasense.com\/de\/wp-json\/wp\/v2\/users\/5"}],"replies":[{"embeddable":true,"href":"https:\/\/www.olfasense.com\/de\/wp-json\/wp\/v2\/comments?post=23521"}],"version-history":[{"count":3,"href":"https:\/\/www.olfasense.com\/de\/wp-json\/wp\/v2\/pages\/23521\/revisions"}],"predecessor-version":[{"id":23531,"href":"https:\/\/www.olfasense.com\/de\/wp-json\/wp\/v2\/pages\/23521\/revisions\/23531"}],"up":[{"embeddable":true,"href":"https:\/\/www.olfasense.com\/de\/wp-json\/wp\/v2\/pages\/3662"}],"wp:attachment":[{"href":"https:\/\/www.olfasense.com\/de\/wp-json\/wp\/v2\/media?parent=23521"}],"curies":[{"name":"wp","href":"https:\/\/api.w.org\/{rel}","templated":true}]}}