{"id":23515,"date":"2024-06-07T14:50:52","date_gmt":"2024-06-07T12:50:52","guid":{"rendered":"https:\/\/www.olfasense.com\/?page_id=23515"},"modified":"2024-06-10T09:31:44","modified_gmt":"2024-06-10T07:31:44","slug":"immissionsschutz-gutachter","status":"publish","type":"page","link":"https:\/\/www.olfasense.com\/de\/umweltgerueche\/immissionsschutz-gutachter\/","title":{"rendered":"Sachverst\u00e4ndige Spezialisten f\u00fcr Immissionsschutz"},"content":{"rendered":"<p>Als sachverst\u00e4ndige Spezialisten mit \u00fcber 20 Jahren Erfahrung stehen wir Ihnen f\u00fcr Beratungen zum Thema Geruch Ihrer Anlagen gern zur Verf\u00fcgung. Je nach Aufgabenstellung sch\u00e4tzen wir zum Beispiel die Immissionssituation bei Ihnen vor Ort ein, erarbeiten mit Ihnen Konzepte zur Verbesserung der Immissionssituation oder stehen f\u00fcr Abstimmungen mit der Beh\u00f6rde oder den Anwohnern zur Verf\u00fcgung. Bei Bedarf greifen dabei wir auf unsere Dienstleistungen in den Bereichen Immissionsprognose oder Geruchsmessungen zur\u00fcck.<\/p>\n","protected":false},"excerpt":{"rendered":"Als sachverst\u00e4ndige Spezialisten mit \u00fcber 20 Jahren Erfahrung stehen wir Ihnen f\u00fcr Beratungen zum Thema Geruch Ihrer Anlagen gern zur Verf\u00fcgung. Je nach Aufgabenstellung sch\u00e4tzen wir zum Beispiel die Immissionssituation bei Ihnen vor Ort ein, erarbeiten mit Ihnen Konzepte zur Verbesserung der Immissionssituation oder stehen f\u00fcr Abstimmungen mit der Beh\u00f6rde oder den Anwohnern zur Verf\u00fcgung.","protected":false},"author":5,"featured_media":0,"parent":3662,"menu_order":0,"comment_status":"closed","ping_status":"closed","template":"page-templates\/page-layout.php","meta":{"_acf_changed":false,"footnotes":""},"class_list":["post post-type-page post-view- post-scope-","status-publish","clear"],"acf":[],"_links":{"self":[{"href":"https:\/\/www.olfasense.com\/de\/wp-json\/wp\/v2\/pages\/23515","targetHints":{"allow":["GET"]}}],"collection":[{"href":"https:\/\/www.olfasense.com\/de\/wp-json\/wp\/v2\/pages"}],"about":[{"href":"https:\/\/www.olfasense.com\/de\/wp-json\/wp\/v2\/types\/page"}],"author":[{"embeddable":true,"href":"https:\/\/www.olfasense.com\/de\/wp-json\/wp\/v2\/users\/5"}],"replies":[{"embeddable":true,"href":"https:\/\/www.olfasense.com\/de\/wp-json\/wp\/v2\/comments?post=23515"}],"version-history":[{"count":3,"href":"https:\/\/www.olfasense.com\/de\/wp-json\/wp\/v2\/pages\/23515\/revisions"}],"predecessor-version":[{"id":23532,"href":"https:\/\/www.olfasense.com\/de\/wp-json\/wp\/v2\/pages\/23515\/revisions\/23532"}],"up":[{"embeddable":true,"href":"https:\/\/www.olfasense.com\/de\/wp-json\/wp\/v2\/pages\/3662"}],"wp:attachment":[{"href":"https:\/\/www.olfasense.com\/de\/wp-json\/wp\/v2\/media?parent=23515"}],"curies":[{"name":"wp","href":"https:\/\/api.w.org\/{rel}","templated":true}]}}