{"id":23511,"date":"2024-06-07T14:40:00","date_gmt":"2024-06-07T12:40:00","guid":{"rendered":"https:\/\/www.olfasense.com\/?page_id=23511"},"modified":"2024-06-10T09:22:59","modified_gmt":"2024-06-10T07:22:59","slug":"immissionsprognosen-ausbreitungsrechnungen","status":"publish","type":"page","link":"https:\/\/www.olfasense.com\/de\/umweltgerueche\/immissionsprognosen-ausbreitungsrechnungen\/","title":{"rendered":"Anerkanntes Know-how f\u00fcr Immissionsprognosen und Ausbreitungsrechnungen"},"content":{"rendered":"<p>Im Immissionsschutz sind Ausbreitungsrechnungen gerade in der Planung und Ver\u00e4nderung von Anlagen sowie bei der Aufstellung von Bebauungspl\u00e4nen oft das einzige Mittel, die Immissionen abzusch\u00e4tzen. Olfasense verf\u00fcgt \u00fcber umfangreiche Erfahrungen, um f\u00fcr Sie die Emissionen f\u00fcr Geruch, Staub, Ammoniak, Stickstoff- und S\u00e4uredeposition und Bioaerosole zu erfassen, zu modellieren und zu bewerten.<\/p>\n","protected":false},"excerpt":{"rendered":"Im Immissionsschutz sind Ausbreitungsrechnungen gerade in der Planung und Ver\u00e4nderung von Anlagen sowie bei der Aufstellung von Bebauungspl\u00e4nen oft das einzige Mittel, die Immissionen abzusch\u00e4tzen. Olfasense verf\u00fcgt \u00fcber umfangreiche Erfahrungen, um f\u00fcr Sie die Emissionen f\u00fcr Geruch, Staub, Ammoniak, Stickstoff- und S\u00e4uredeposition und Bioaerosole zu erfassen, zu modellieren und zu bewerten.","protected":false},"author":5,"featured_media":0,"parent":3662,"menu_order":0,"comment_status":"closed","ping_status":"closed","template":"page-templates\/page-layout.php","meta":{"_acf_changed":false,"footnotes":""},"class_list":["post post-type-page post-view- post-scope-","status-publish","clear"],"acf":[],"_links":{"self":[{"href":"https:\/\/www.olfasense.com\/de\/wp-json\/wp\/v2\/pages\/23511","targetHints":{"allow":["GET"]}}],"collection":[{"href":"https:\/\/www.olfasense.com\/de\/wp-json\/wp\/v2\/pages"}],"about":[{"href":"https:\/\/www.olfasense.com\/de\/wp-json\/wp\/v2\/types\/page"}],"author":[{"embeddable":true,"href":"https:\/\/www.olfasense.com\/de\/wp-json\/wp\/v2\/users\/5"}],"replies":[{"embeddable":true,"href":"https:\/\/www.olfasense.com\/de\/wp-json\/wp\/v2\/comments?post=23511"}],"version-history":[{"count":3,"href":"https:\/\/www.olfasense.com\/de\/wp-json\/wp\/v2\/pages\/23511\/revisions"}],"predecessor-version":[{"id":23527,"href":"https:\/\/www.olfasense.com\/de\/wp-json\/wp\/v2\/pages\/23511\/revisions\/23527"}],"up":[{"embeddable":true,"href":"https:\/\/www.olfasense.com\/de\/wp-json\/wp\/v2\/pages\/3662"}],"wp:attachment":[{"href":"https:\/\/www.olfasense.com\/de\/wp-json\/wp\/v2\/media?parent=23511"}],"curies":[{"name":"wp","href":"https:\/\/api.w.org\/{rel}","templated":true}]}}