{"id":22691,"date":"2023-12-06T14:50:38","date_gmt":"2023-12-06T13:50:38","guid":{"rendered":"https:\/\/www.olfasense.com\/?page_id=22691"},"modified":"2023-12-06T14:54:06","modified_gmt":"2023-12-06T13:54:06","slug":"hinweisgebersystem","status":"publish","type":"page","link":"https:\/\/www.olfasense.com\/de\/hinweisgebersystem\/","title":{"rendered":"Hinweisgeberschutz-Meldestelle"},"content":{"rendered":"<p>F\u00fcr unser Unternehmen ist es selbstverst\u00e4ndlich, dass geltende Gesetze, Vorschriften und Regeln sowie interne Anweisungen eingehalten werden. Daher ist es f\u00fcr uns wichtig, dass auch ein m\u00f6gliches Fehlverhalten so fr\u00fch wie m\u00f6glich erkannt wird. Konform zum Hinweisgeberschutzgesetz (HinSchG) haben wir deshalb einen Meldekanal eingerichtet. Dieser erlaubt es jeder Person, Hinweise schriftlich \u00fcber einen Meldekanal abzugeben. Anonyme Hinweise werden nicht bearbeitet.<\/p>\n<p>Ziel des Meldekanals ist es, Mitarbeitenden oder auch externen Personen zu erm\u00f6glichen, Gesetzesverst\u00f6\u00dfe sowie Missst\u00e4nde im Arbeitsumfeld innerhalb des Unternehmens zu melden. Die Bearbeitung erfolgt unparteiisch und fachlich unabh\u00e4ngig.<\/p>\n<p>Nutzen Sie f\u00fcr Ihre Meldung bitte ausschlie\u00dflich den von uns angebotenen Meldekanal. So ist sichergestellt, dass nur die zust\u00e4ndigen Personen innerhalb der internen Meldestelle von den \u00fcbersandten Informationen Kenntnis erlangen. Wenn Sie ein pers\u00f6nliches Treffen w\u00fcnschen, teilen Sie uns dies bitte \u00fcber den Meldekanal mit.<\/p>\n<p>Die Meldestelle wahrt die Vertraulichkeit der Identit\u00e4t der hinweisgebenden Person, der Personen, die Gegenstand einer Meldung sind und der sonstigen in der Meldung genannten Personen.<\/p>\n<p style=\"text-align: center;\"><a href=\"https:\/\/hinweisgeberschutz.hamburg\/whistleblower\/Olfasense\/de\" class=\"btn\">Hier geht es zu unserer internen Meldestelle f\u00fcr Hinweisgeber<\/a><\/p>\n<p>WICHTIGER HINWEIS: Im Meldekanal legen Sie sich einen Zugang mit einer Melde-ID und einem selbstgew\u00e4hlten Passwort an. Bewahren Sie diese Daten gut auf!<\/p>\n<p>Hinweise zum Datenschutz finden Sie hier: <a href=\"https:\/\/hinweisgeber.hamburg\/datenschutzhinweise-meldeportal\/\">https:\/\/hinweisgeber.hamburg\/datenschutzhinweise-meldeportal\/<\/a><\/p>\n<p>Abgesehen von unserer internen Meldestelle k\u00f6nnen Sie sich auch an eine externe Meldestelle des Bundes (z.B. beim Bundesamt f\u00fcr Justiz) wenden.<\/p>\n","protected":false},"excerpt":{"rendered":"F\u00fcr unser Unternehmen ist es selbstverst\u00e4ndlich, dass geltende Gesetze, Vorschriften und Regeln sowie interne Anweisungen eingehalten werden. Daher ist es f\u00fcr uns wichtig, dass auch ein m\u00f6gliches Fehlverhalten so fr\u00fch wie m\u00f6glich erkannt wird. Konform zum Hinweisgeberschutzgesetz (HinSchG) haben wir deshalb einen Meldekanal eingerichtet. Dieser erlaubt es jeder Person, Hinweise schriftlich \u00fcber einen Meldekanal abzugeben.","protected":false},"author":5,"featured_media":0,"parent":0,"menu_order":0,"comment_status":"closed","ping_status":"closed","template":"page-templates\/page-layout.php","meta":{"_acf_changed":false,"footnotes":""},"class_list":["post post-type-page post-view- post-scope-","status-publish","clear"],"acf":[],"_links":{"self":[{"href":"https:\/\/www.olfasense.com\/de\/wp-json\/wp\/v2\/pages\/22691","targetHints":{"allow":["GET"]}}],"collection":[{"href":"https:\/\/www.olfasense.com\/de\/wp-json\/wp\/v2\/pages"}],"about":[{"href":"https:\/\/www.olfasense.com\/de\/wp-json\/wp\/v2\/types\/page"}],"author":[{"embeddable":true,"href":"https:\/\/www.olfasense.com\/de\/wp-json\/wp\/v2\/users\/5"}],"replies":[{"embeddable":true,"href":"https:\/\/www.olfasense.com\/de\/wp-json\/wp\/v2\/comments?post=22691"}],"version-history":[{"count":4,"href":"https:\/\/www.olfasense.com\/de\/wp-json\/wp\/v2\/pages\/22691\/revisions"}],"predecessor-version":[{"id":22696,"href":"https:\/\/www.olfasense.com\/de\/wp-json\/wp\/v2\/pages\/22691\/revisions\/22696"}],"wp:attachment":[{"href":"https:\/\/www.olfasense.com\/de\/wp-json\/wp\/v2\/media?parent=22691"}],"curies":[{"name":"wp","href":"https:\/\/api.w.org\/{rel}","templated":true}]}}