{"id":19435,"date":"2022-03-17T21:54:16","date_gmt":"2022-03-17T20:54:16","guid":{"rendered":"https:\/\/www.olfasense.com\/produktoptimierung\/erfolgreiche-geruchsstudien\/automotive-testing\/"},"modified":"2022-06-15T11:05:32","modified_gmt":"2022-06-15T09:05:32","slug":"automobilbranche","status":"publish","type":"page","link":"https:\/\/www.olfasense.com\/de\/produktoptimierung\/erfolgreiche-geruchsstudien\/automobilbranche\/","title":{"rendered":"Geruchsmessungen &#038; Emissionspr\u00fcfungen in der Automobilbranche nach g\u00e4ngigen Standards"},"content":{"rendered":"<p><span>Automobilhersteller<\/span>, ihre OEMs und Zulieferer stehen vor der kontinuierlichen Aufgabe, die potenzielle Belastung durch fl\u00fcchtige organische Verbindungen (VOCs) im <span>Kfz-Innenraum <\/span>zu begrenzen.<\/p>\n<p>Wenn Sie bei der Herstellung von Bauteilen f\u00fcr den Kfz-Innenraum involviert sind, m\u00f6chten Sie sicherstellen, dass Ihre Produkte und Materialien die spezifischen Emissionsstandards erf\u00fcllen, die in den g\u00e4ngigen europ\u00e4ischen und internationalen <span>Standards\u00a0<\/span>sowie in den spezifischen Herstellernormen festgelegt sind.<\/p>\n<p>Olfasense ist Ihr akkreditiertes Pr\u00fcflabor <span>um die Emissionen fl\u00fcchtiger organischer Verbindungen und Ger\u00fcche <\/span>von Materialien f\u00fcr den Fahrzeuginnenraum zu bestimmen. Nutzen Sie unser Fachwissen in der Durchf\u00fchrung von <span>Emissionspr\u00fcfungen mit Pr\u00fcfkammern<\/span>, ganz gleich, ob Sie Kunststoffe, Textilien, Leder, o.a. pr\u00fcfen lassen wollen.<\/p>\n","protected":false},"excerpt":{"rendered":"Automobilhersteller, ihre OEMs und Zulieferer stehen vor der kontinuierlichen Aufgabe, die potenzielle Belastung durch fl\u00fcchtige organische Verbindungen (VOCs) im Kfz-Innenraum zu begrenzen. Wenn Sie bei der Herstellung von Bauteilen f\u00fcr den Kfz-Innenraum involviert sind, m\u00f6chten Sie sicherstellen, dass Ihre Produkte und Materialien die spezifischen Emissionsstandards erf\u00fcllen, die in den g\u00e4ngigen europ\u00e4ischen und internationalen Standards\u00a0sowie in","protected":false},"author":5,"featured_media":0,"parent":3551,"menu_order":0,"comment_status":"closed","ping_status":"closed","template":"page-templates\/page-layout.php","meta":{"_acf_changed":false,"footnotes":""},"class_list":["post post-type-page post-view- post-scope-","status-publish","clear"],"acf":[],"_links":{"self":[{"href":"https:\/\/www.olfasense.com\/de\/wp-json\/wp\/v2\/pages\/19435","targetHints":{"allow":["GET"]}}],"collection":[{"href":"https:\/\/www.olfasense.com\/de\/wp-json\/wp\/v2\/pages"}],"about":[{"href":"https:\/\/www.olfasense.com\/de\/wp-json\/wp\/v2\/types\/page"}],"author":[{"embeddable":true,"href":"https:\/\/www.olfasense.com\/de\/wp-json\/wp\/v2\/users\/5"}],"replies":[{"embeddable":true,"href":"https:\/\/www.olfasense.com\/de\/wp-json\/wp\/v2\/comments?post=19435"}],"version-history":[{"count":3,"href":"https:\/\/www.olfasense.com\/de\/wp-json\/wp\/v2\/pages\/19435\/revisions"}],"predecessor-version":[{"id":19438,"href":"https:\/\/www.olfasense.com\/de\/wp-json\/wp\/v2\/pages\/19435\/revisions\/19438"}],"up":[{"embeddable":true,"href":"https:\/\/www.olfasense.com\/de\/wp-json\/wp\/v2\/pages\/3551"}],"wp:attachment":[{"href":"https:\/\/www.olfasense.com\/de\/wp-json\/wp\/v2\/media?parent=19435"}],"curies":[{"name":"wp","href":"https:\/\/api.w.org\/{rel}","templated":true}]}}