{"id":18280,"date":"2021-12-15T13:46:45","date_gmt":"2021-12-15T12:46:45","guid":{"rendered":"https:\/\/www.olfasense.com\/?page_id=18280"},"modified":"2026-03-18T13:19:59","modified_gmt":"2026-03-18T12:19:59","slug":"karriere","status":"publish","type":"page","link":"https:\/\/www.olfasense.com\/de\/karriere\/","title":{"rendered":"Karriere bei der Olfasense GmbH"},"content":{"rendered":"<p>Wir riechen gut! Du auch? Zur Verst\u00e4rkung unseres Teams suchen wir regelm\u00e4\u00dfig Unterst\u00fctzung f\u00fcr unsere verschiedenen Gesch\u00e4ftsbereiche.<\/p>\n<p>Hierunter findest Du eine \u00dcbersicht der offenen Stellen.<\/p>\n<p>&nbsp;<\/p>\n<p>&nbsp;<\/p>\n<p>&nbsp;<\/p>\n","protected":false},"excerpt":{"rendered":"Wir riechen gut! Du auch? Zur Verst\u00e4rkung unseres Teams suchen wir regelm\u00e4\u00dfig Unterst\u00fctzung f\u00fcr unsere verschiedenen Gesch\u00e4ftsbereiche. Hierunter findest Du eine \u00dcbersicht der offenen Stellen. &nbsp; &nbsp; &nbsp;","protected":false},"author":1,"featured_media":18479,"parent":0,"menu_order":0,"comment_status":"closed","ping_status":"closed","template":"page-templates\/page-layout-intro.php","meta":{"_acf_changed":false,"footnotes":""},"class_list":["post post-type-page post-view- post-scope-","status-publish","has-post-thumbnail","clear"],"acf":[],"_links":{"self":[{"href":"https:\/\/www.olfasense.com\/de\/wp-json\/wp\/v2\/pages\/18280","targetHints":{"allow":["GET"]}}],"collection":[{"href":"https:\/\/www.olfasense.com\/de\/wp-json\/wp\/v2\/pages"}],"about":[{"href":"https:\/\/www.olfasense.com\/de\/wp-json\/wp\/v2\/types\/page"}],"author":[{"embeddable":true,"href":"https:\/\/www.olfasense.com\/de\/wp-json\/wp\/v2\/users\/1"}],"replies":[{"embeddable":true,"href":"https:\/\/www.olfasense.com\/de\/wp-json\/wp\/v2\/comments?post=18280"}],"version-history":[{"count":10,"href":"https:\/\/www.olfasense.com\/de\/wp-json\/wp\/v2\/pages\/18280\/revisions"}],"predecessor-version":[{"id":25572,"href":"https:\/\/www.olfasense.com\/de\/wp-json\/wp\/v2\/pages\/18280\/revisions\/25572"}],"wp:featuredmedia":[{"embeddable":true,"href":"https:\/\/www.olfasense.com\/de\/wp-json\/wp\/v2\/media\/18479"}],"wp:attachment":[{"href":"https:\/\/www.olfasense.com\/de\/wp-json\/wp\/v2\/media?parent=18280"}],"curies":[{"name":"wp","href":"https:\/\/api.w.org\/{rel}","templated":true}]}}