{"id":15385,"date":"2021-02-19T14:25:57","date_gmt":"2021-02-19T13:25:57","guid":{"rendered":"https:\/\/www.olfasense.com\/?page_id=15385"},"modified":"2021-02-19T14:32:33","modified_gmt":"2021-02-19T13:32:33","slug":"geruch-guetesiegel","status":"publish","type":"page","link":"https:\/\/www.olfasense.com\/de\/produktoptimierung\/geruch-guetesiegel\/","title":{"rendered":"Olfasense Geruchsg\u00fctesiegel"},"content":{"rendered":"<h3>Mit dem Olfasense Geruchsg\u00fctesiegel k\u00f6nnen Hersteller die geruchliche Leistungsf\u00e4higkeit ihrer Produkte demonstrieren<\/h3>\n<p>Das Olfasense Geruchsg\u00fctesiegel mit kombiniertem dauerhaftem Qualit\u00e4tssicherungsprozess erm\u00f6glicht es Herstellern einzigartige oder besondere geruchliche Eigenschaften ihrer Produkte auszuloben und dies von unabh\u00e4ngiger Seite best\u00e4tigen zu lassen. So werden Verbraucher bei ihrer Kaufentscheidung unterst\u00fctzt, da sie sich auf das unabh\u00e4ngige Urteil eines neutralen Gutachters verlassen k\u00f6nnen.<\/p>\n<p>Nachfolgend werden die Vergabekriterien f\u00fcr die unterschiedlichen Olfasense Geruchsg\u00fctesiegel erl\u00e4utert. Sprechen Sie noch heute mit uns, um das richtige Testdesign f\u00fcr Ihr Produkt-Versprechen zu entwickeln!<\/p>\n","protected":false},"excerpt":{"rendered":"Mit dem Olfasense Geruchsg\u00fctesiegel k\u00f6nnen Hersteller die geruchliche Leistungsf\u00e4higkeit ihrer Produkte demonstrieren Das Olfasense Geruchsg\u00fctesiegel mit kombiniertem dauerhaftem Qualit\u00e4tssicherungsprozess erm\u00f6glicht es Herstellern einzigartige oder besondere geruchliche Eigenschaften ihrer Produkte auszuloben und dies von unabh\u00e4ngiger Seite best\u00e4tigen zu lassen. So werden Verbraucher bei ihrer Kaufentscheidung unterst\u00fctzt, da sie sich auf das unabh\u00e4ngige Urteil eines neutralen Gutachters","protected":false},"author":5,"featured_media":0,"parent":3529,"menu_order":0,"comment_status":"closed","ping_status":"closed","template":"page-templates\/page-layout.php","meta":{"_acf_changed":false,"footnotes":""},"class_list":["post post-type-page post-view- post-scope-","status-publish","clear"],"acf":[],"_links":{"self":[{"href":"https:\/\/www.olfasense.com\/de\/wp-json\/wp\/v2\/pages\/15385","targetHints":{"allow":["GET"]}}],"collection":[{"href":"https:\/\/www.olfasense.com\/de\/wp-json\/wp\/v2\/pages"}],"about":[{"href":"https:\/\/www.olfasense.com\/de\/wp-json\/wp\/v2\/types\/page"}],"author":[{"embeddable":true,"href":"https:\/\/www.olfasense.com\/de\/wp-json\/wp\/v2\/users\/5"}],"replies":[{"embeddable":true,"href":"https:\/\/www.olfasense.com\/de\/wp-json\/wp\/v2\/comments?post=15385"}],"version-history":[{"count":2,"href":"https:\/\/www.olfasense.com\/de\/wp-json\/wp\/v2\/pages\/15385\/revisions"}],"predecessor-version":[{"id":15397,"href":"https:\/\/www.olfasense.com\/de\/wp-json\/wp\/v2\/pages\/15385\/revisions\/15397"}],"up":[{"embeddable":true,"href":"https:\/\/www.olfasense.com\/de\/wp-json\/wp\/v2\/pages\/3529"}],"wp:attachment":[{"href":"https:\/\/www.olfasense.com\/de\/wp-json\/wp\/v2\/media?parent=15385"}],"curies":[{"name":"wp","href":"https:\/\/api.w.org\/{rel}","templated":true}]}}