{"id":10845,"date":"2020-04-29T15:02:40","date_gmt":"2020-04-29T13:02:40","guid":{"rendered":"https:\/\/www.olfasense.com\/?page_id=10845"},"modified":"2022-06-23T15:31:13","modified_gmt":"2022-06-23T13:31:13","slug":"online-seminare-geruch","status":"publish","type":"page","link":"https:\/\/www.olfasense.com\/de\/online-seminare-geruch\/","title":{"rendered":"Olfasense Online Seminare zum Thema Geruch"},"content":{"rendered":"<p class=\"first-paragraph\">M\u00f6chten Sie zum Thema Geruch auf dem Laufenden bleiben? Dann haben Sie nun die M\u00f6glichkeit das Fachwissen von Olfasense immer zur Hand haben.<\/p>\n<p>In unseren kostenlosen Online Seminaren zum Thema Geruch geben unsere Olfasense-Experten einen schnellen und pr\u00e4zisen \u00dcberblick \u00fcber verschiedene Themen der Messung und Bewertung von Ger\u00fcchen.<\/p>\n<p>Unsere Online Seminare zum Thema Geruch sind auf Abruf verf\u00fcgbar, sodass Sie die Flexibilit\u00e4t und Freiheit haben, diese jederzeit und von \u00fcberall anzusehen.<\/p>\n<p>Wenn Sie tiefer in die Themen eintauchen m\u00f6chten, setzen Sie sich gerne \u00fcber <a href=\"mailto:webinar@olfasense.com\">webinar@olfasense.com<\/a> mit uns in Verbindung, um mehr \u00fcber unsere ma\u00dfgeschneiderten Online- oder Pr\u00e4senz-Geruchsschulungen zu erfahren.<\/p>\n","protected":false},"excerpt":{"rendered":"M\u00f6chten Sie zum Thema Geruch auf dem Laufenden bleiben? Dann haben Sie nun die M\u00f6glichkeit das Fachwissen von Olfasense immer zur Hand haben. In unseren kostenlosen Online Seminaren zum Thema Geruch geben unsere Olfasense-Experten einen schnellen und pr\u00e4zisen \u00dcberblick \u00fcber verschiedene Themen der Messung und Bewertung von Ger\u00fcchen. Unsere Online Seminare zum Thema Geruch sind","protected":false},"author":5,"featured_media":0,"parent":0,"menu_order":0,"comment_status":"closed","ping_status":"closed","template":"page-templates\/page-layout.php","meta":{"_acf_changed":false,"footnotes":""},"class_list":["post post-type-page post-view- post-scope-","status-publish","clear"],"acf":[],"_links":{"self":[{"href":"https:\/\/www.olfasense.com\/de\/wp-json\/wp\/v2\/pages\/10845","targetHints":{"allow":["GET"]}}],"collection":[{"href":"https:\/\/www.olfasense.com\/de\/wp-json\/wp\/v2\/pages"}],"about":[{"href":"https:\/\/www.olfasense.com\/de\/wp-json\/wp\/v2\/types\/page"}],"author":[{"embeddable":true,"href":"https:\/\/www.olfasense.com\/de\/wp-json\/wp\/v2\/users\/5"}],"replies":[{"embeddable":true,"href":"https:\/\/www.olfasense.com\/de\/wp-json\/wp\/v2\/comments?post=10845"}],"version-history":[{"count":4,"href":"https:\/\/www.olfasense.com\/de\/wp-json\/wp\/v2\/pages\/10845\/revisions"}],"predecessor-version":[{"id":19597,"href":"https:\/\/www.olfasense.com\/de\/wp-json\/wp\/v2\/pages\/10845\/revisions\/19597"}],"wp:attachment":[{"href":"https:\/\/www.olfasense.com\/de\/wp-json\/wp\/v2\/media?parent=10845"}],"curies":[{"name":"wp","href":"https:\/\/api.w.org\/{rel}","templated":true}]}}